{"id":1110,"date":"2018-11-16T11:45:48","date_gmt":"2018-11-16T11:45:48","guid":{"rendered":"https:\/\/the7.io\/g-business\/?page_id=1110"},"modified":"2025-09-18T09:36:33","modified_gmt":"2025-09-18T07:36:33","slug":"company","status":"publish","type":"page","link":"https:\/\/vetam-carp-fishing.fr\/?page_id=1110","title":{"rendered":"Postes du Lac des Zentelles"},"content":{"rendered":"<section class=\"wpb-content-wrapper\"><p>[vc_row css=\u00a0\u00bb.vc_custom_1560793098479{padding-bottom: 50px !important;}\u00a0\u00bb][vc_column]<div id=\"ultimate-heading-244469dc1fe5be694\" class=\"uvc-heading ult-adjust-bottom-margin ultimate-heading-244469dc1fe5be694 uvc-6168  uvc-heading-default-font-sizes\" data-hspacer=\"no_spacer\"  data-halign=\"center\" style=\"text-align:center\"><div class=\"uvc-heading-spacer no_spacer\" style=\"top\"><\/div><div class=\"uvc-main-heading ult-responsive\"  data-ultimate-target='.uvc-heading.ultimate-heading-244469dc1fe5be694 h2'  data-responsive-json-new='{\"font-size\":\"\",\"line-height\":\"\"}' ><h2 style=\"font-weight:bold;margin-bottom:10px;\">L'\u00e9tang s'\u00e9tale sur une superficie de 3,5 hectares<\/h2><\/div><div class=\"uvc-sub-heading ult-responsive\"  data-ultimate-target='.uvc-heading.ultimate-heading-244469dc1fe5be694 .uvc-sub-heading '  data-responsive-json-new='{\"font-size\":\"desktop:24px;\",\"line-height\":\"desktop:34px;\"}'  style=\"font-weight:bold;color:#93c248;\"><span style=\"color: #005c4c;\">La zone de p\u00eache est arbor\u00e9e sur l&rsquo;ensemble de son p\u00e9rim\u00e8tre dont un \u00eelot surplombe le centre de l&rsquo;\u00e9tang favorisant la croissance de la vie aquatique.<\/span><\/div><\/div><div class=\"gap\" style=\"line-height: 30px; height: 30px;\"><\/div><section class=\"shortcode-teaser img-full\"><div class=\"layzr-bg shortcode-teaser-img\"><img loading=\"lazy\" decoding=\"async\" class=\"lazy-load\" src=\"data:image\/svg+xml;charset=utf-8,%3Csvg xmlns%3D&#039;http%3A%2F%2Fwww.w3.org%2F2000%2Fsvg&#039; viewBox%3D&#039;0 0 1280 721&#039;%2F%3E\" width=\"1280\" height=\"721\" data-srcset=\"https:\/\/vetam-carp-fishing.fr\/wp-content\/uploads\/2025\/09\/Postes-de-peche-3-postes.png 1280w\" data-src=\"https:\/\/vetam-carp-fishing.fr\/wp-content\/uploads\/2025\/09\/Postes-de-peche-3-postes.png\" \/><\/div><div class=\"shortcode-teaser-content text-big\"><\/div><\/section>[\/vc_column][\/vc_row][vc_row bg_type=\u00a0\u00bbimage\u00a0\u00bb parallax_style=\u00a0\u00bbvcpb-vz-jquery\u00a0\u00bb bg_image_new=\u00a0\u00bbid^2128|url^https:\/\/bigband-dev.fr\/wp-content\/uploads\/2023\/01\/IMG_6970-1.jpg|caption^null|alt^null|title^IMG_6970|description^null\u00a0\u00bb bg_override=\u00a0\u00bbex-full\u00a0\u00bb fadeout_row=\u00a0\u00bbfadeout_row_value\u00a0\u00bb fadeout_start_effect=\u00a0\u00bb30&Prime; enable_overlay=\u00a0\u00bbenable_overlay_value\u00a0\u00bb overlay_color=\u00a0\u00bbrgba(38,45,55,0.5)\u00a0\u00bb seperator_enable=\u00a0\u00bbseperator_enable_value\u00a0\u00bb seperator_type=\u00a0\u00bbtilt_left_seperator\u00a0\u00bb seperator_position=\u00a0\u00bbtop_bottom_seperator\u00a0\u00bb seperator_svg_height=\u00a0\u00bb100&Prime;][vc_column css=\u00a0\u00bb.vc_custom_1560418610056{padding-top: 150px !important;padding-bottom: 150px !important;}\u00a0\u00bb offset=\u00a0\u00bbvc_col-lg-offset-2 vc_col-lg-8&Prime;]<div id=\"ultimate-heading-250869dc1fe5beea5\" class=\"uvc-heading ult-adjust-bottom-margin ultimate-heading-250869dc1fe5beea5 uvc-9080 accent-subtitle-color uvc-heading-default-font-sizes\" data-hspacer=\"no_spacer\"  data-halign=\"center\" style=\"text-align:center\"><div class=\"uvc-heading-spacer no_spacer\" style=\"top\"><\/div><div class=\"uvc-main-heading ult-responsive\"  data-ultimate-target='.uvc-heading.ultimate-heading-250869dc1fe5beea5 h3'  data-responsive-json-new='{\"font-size\":\"\",\"line-height\":\"\"}' ><h3 style=\"font-weight:bold;color:#ffffff;margin-bottom:15px;\">Adaptez votre strat\u00e9gie \u00e0 la g\u00e9ographie des lieux.<\/h3><\/div><div class=\"uvc-sub-heading ult-responsive\"  data-ultimate-target='.uvc-heading.ultimate-heading-250869dc1fe5beea5 .uvc-sub-heading '  data-responsive-json-new='{\"font-size\":\"desktop:24px;\",\"line-height\":\"desktop:34px;\"}'  style=\"font-weight:bold;color:#262d37;\"><span style=\"color: #ffffff;\">&#8211; En partie ou en exclusivit\u00e9 &#8211;<\/span><\/div><\/div>[\/vc_column][\/vc_row][vc_row][vc_column][\/vc_column][\/vc_row][vc_row css=\u00a0\u00bb.vc_custom_1560792780987{padding-top: 50px !important;padding-bottom: 20px !important;}\u00a0\u00bb][vc_column][\/vc_column][vc_column css=\u00a0\u00bb.vc_custom_1560787609636{padding-bottom: 45px !important;}\u00a0\u00bb]<div id=\"ultimate-heading-195269dc1fe5beedf\" class=\"uvc-heading ult-adjust-bottom-margin ultimate-heading-195269dc1fe5beedf uvc-1013  uvc-heading-default-font-sizes\" data-hspacer=\"no_spacer\"  data-halign=\"center\" style=\"text-align:center\"><div class=\"uvc-heading-spacer no_spacer\" style=\"top\"><\/div><div class=\"uvc-main-heading ult-responsive\"  data-ultimate-target='.uvc-heading.ultimate-heading-195269dc1fe5beedf h2'  data-responsive-json-new='{\"font-size\":\"\",\"line-height\":\"\"}' ><h2 style=\"font-weight:bold;\">Les possibilit\u00e9s qui s'offrent \u00e0 vous ...<\/h2><\/div><\/div>[vc_row_inner][vc_column_inner][vc_empty_space][\/vc_column_inner][\/vc_row_inner][vc_row_inner][vc_column_inner width=\u00a0\u00bb1\/2&Prime;][vc_empty_space][vc_empty_space]<div id=\"ultimate-heading-136669dc1fe5bef07\" class=\"uvc-heading ult-adjust-bottom-margin ultimate-heading-136669dc1fe5bef07 uvc-684  uvc-heading-default-font-sizes\" data-hspacer=\"no_spacer\"  data-halign=\"center\" style=\"text-align:center\"><div class=\"uvc-heading-spacer no_spacer\" style=\"top\"><\/div><div class=\"uvc-main-heading ult-responsive\"  data-ultimate-target='.uvc-heading.ultimate-heading-136669dc1fe5bef07 h2'  data-responsive-json-new='{\"font-size\":\"\",\"line-height\":\"\"}' ><h2 style=\"--font-weight:theme;\">Poste 1<\/h2><\/div><div class=\"uvc-sub-heading ult-responsive\"  data-ultimate-target='.uvc-heading.ultimate-heading-136669dc1fe5bef07 .uvc-sub-heading '  data-responsive-json-new='{\"font-size\":\"\",\"line-height\":\"\"}'  style=\"font-weight:normal;\">La premi\u00e8re zone qui se situe au niveau de l&rsquo;acc\u00e8s principal vous offre une possibilit\u00e9 de p\u00eache de 1 \u00e0 2 p\u00eacheurs :<\/p>\n<p>1 p\u00eacheur = 3 lignes autoris\u00e9es<\/p>\n<p>2 p\u00eacheurs = 4 lignes autoris\u00e9es<\/p>\n<p><\/div><\/div>[\/vc_column_inner][vc_column_inner width=\u00a0\u00bb1\/2&Prime;]<style type=\"text\/css\" data-type=\"the7_shortcodes-inline-css\">.shortcode-single-image-wrap.shortcode-single-image-31b35041819423beaa79ee5b7144ab82.enable-bg-rollover .rollover i,\n.shortcode-single-image-wrap.shortcode-single-image-31b35041819423beaa79ee5b7144ab82.enable-bg-rollover .rollover-video i {\n  background: -webkit-linear-gradient();\n  background: linear-gradient();\n}\n.shortcode-single-image-wrap.shortcode-single-image-31b35041819423beaa79ee5b7144ab82 .rollover-icon {\n  font-size: 32px;\n  color: #ffffff;\n  min-width: 44px;\n  min-height: 44px;\n  line-height: 44px;\n  border-radius: 100px;\n  border-style: solid;\n  border-width: 0px;\n}\n.dt-icon-bg-on.shortcode-single-image-wrap.shortcode-single-image-31b35041819423beaa79ee5b7144ab82 .rollover-icon {\n  background: rgba(255,255,255,0.3);\n  box-shadow: none;\n}\n<\/style><div class=\"shortcode-single-image-wrap shortcode-single-image-31b35041819423beaa79ee5b7144ab82 alignnone fadeInRight animate-element  enable-bg-rollover dt-icon-bg-off\" style=\"margin-top:0px; margin-bottom:0px; margin-left:0px; margin-right:0px; width:500px;\"><div class=\"shortcode-single-image\"><div class=\"fancy-media-wrap  layzr-bg\" style=\"\"><img loading=\"lazy\" decoding=\"async\" class=\"preload-me lazy-load\" src=\"data:image\/svg+xml,%3Csvg%20xmlns%3D&#39;http%3A%2F%2Fwww.w3.org%2F2000%2Fsvg&#39;%20viewBox%3D&#39;0%200%20500%20375&#39;%2F%3E\" data-src=\"https:\/\/vetam-carp-fishing.fr\/wp-content\/uploads\/2023\/01\/IMG_8762-1-500x375.jpg\" data-srcset=\"https:\/\/vetam-carp-fishing.fr\/wp-content\/uploads\/2023\/01\/IMG_8762-1-500x375.jpg 500w, https:\/\/vetam-carp-fishing.fr\/wp-content\/uploads\/2023\/01\/IMG_8762-1-1000x750.jpg 1000w\" width=\"500\" height=\"375\"  data-dt-location=\"https:\/\/vetam-carp-fishing.fr\/?attachment_id=2143\" style=\"\" alt=\"\" \/><\/div><\/div><\/div>[\/vc_column_inner][\/vc_row_inner][vc_row_inner][vc_column_inner][vc_empty_space][\/vc_column_inner][\/vc_row_inner][vc_row_inner][vc_column_inner width=\u00a0\u00bb1\/2&Prime;]<style type=\"text\/css\" data-type=\"the7_shortcodes-inline-css\">.shortcode-single-image-wrap.shortcode-single-image-e46f44cae561b29d55d9b35c0d00ea6c.enable-bg-rollover .rollover i,\n.shortcode-single-image-wrap.shortcode-single-image-e46f44cae561b29d55d9b35c0d00ea6c.enable-bg-rollover .rollover-video i {\n  background: -webkit-linear-gradient();\n  background: linear-gradient();\n}\n.shortcode-single-image-wrap.shortcode-single-image-e46f44cae561b29d55d9b35c0d00ea6c .rollover-icon {\n  font-size: 32px;\n  color: #ffffff;\n  min-width: 44px;\n  min-height: 44px;\n  line-height: 44px;\n  border-radius: 100px;\n  border-style: solid;\n  border-width: 0px;\n}\n.dt-icon-bg-on.shortcode-single-image-wrap.shortcode-single-image-e46f44cae561b29d55d9b35c0d00ea6c .rollover-icon {\n  background: rgba(255,255,255,0.3);\n  box-shadow: none;\n}\n<\/style><div class=\"shortcode-single-image-wrap shortcode-single-image-e46f44cae561b29d55d9b35c0d00ea6c alignnone fadeInLeft animate-element  enable-bg-rollover dt-icon-bg-off\" style=\"margin-top:0px; margin-bottom:0px; margin-left:0px; margin-right:0px; width:500px;\"><div class=\"shortcode-single-image\"><div class=\"fancy-media-wrap  layzr-bg\" style=\"\"><img loading=\"lazy\" decoding=\"async\" class=\"preload-me lazy-load\" src=\"data:image\/svg+xml,%3Csvg%20xmlns%3D&#39;http%3A%2F%2Fwww.w3.org%2F2000%2Fsvg&#39;%20viewBox%3D&#39;0%200%20500%20375&#39;%2F%3E\" data-src=\"https:\/\/vetam-carp-fishing.fr\/wp-content\/uploads\/2023\/01\/IMG_8731-1-500x375.jpg\" data-srcset=\"https:\/\/vetam-carp-fishing.fr\/wp-content\/uploads\/2023\/01\/IMG_8731-1-500x375.jpg 500w, https:\/\/vetam-carp-fishing.fr\/wp-content\/uploads\/2023\/01\/IMG_8731-1-1000x750.jpg 1000w\" width=\"500\" height=\"375\"  data-dt-location=\"https:\/\/vetam-carp-fishing.fr\/?attachment_id=2142\" style=\"\" alt=\"\" \/><\/div><\/div><\/div>[\/vc_column_inner][vc_column_inner width=\u00a0\u00bb1\/2&Prime;][vc_empty_space][vc_empty_space]<div id=\"ultimate-heading-803069dc1fe5c0707\" class=\"uvc-heading ult-adjust-bottom-margin ultimate-heading-803069dc1fe5c0707 uvc-9428  uvc-heading-default-font-sizes\" data-hspacer=\"no_spacer\"  data-halign=\"center\" style=\"text-align:center\"><div class=\"uvc-heading-spacer no_spacer\" style=\"top\"><\/div><div class=\"uvc-main-heading ult-responsive\"  data-ultimate-target='.uvc-heading.ultimate-heading-803069dc1fe5c0707 h2'  data-responsive-json-new='{\"font-size\":\"\",\"line-height\":\"\"}' ><h2 style=\"--font-weight:theme;\">Poste 2<\/h2><\/div><div class=\"uvc-sub-heading ult-responsive\"  data-ultimate-target='.uvc-heading.ultimate-heading-803069dc1fe5c0707 .uvc-sub-heading '  data-responsive-json-new='{\"font-size\":\"\",\"line-height\":\"\"}'  style=\"font-weight:normal;\">La seconde zone qui se trouve au centre de l&rsquo;\u00e9tang vous offre une possibilit\u00e9 de p\u00eache de 1 \u00e0 2 p\u00eacheurs :<\/p>\n<p>1 p\u00eacheur = 3 lignes autoris\u00e9es<\/p>\n<p>2 p\u00eacheurs = 4 lignes autoris\u00e9es<\/div><\/div>[\/vc_column_inner][\/vc_row_inner][vc_row_inner][vc_column_inner][vc_empty_space][\/vc_column_inner][\/vc_row_inner][vc_row_inner][vc_column_inner width=\u00a0\u00bb1\/2&Prime;][vc_empty_space][vc_empty_space]<div id=\"ultimate-heading-523469dc1fe5c073e\" class=\"uvc-heading ult-adjust-bottom-margin ultimate-heading-523469dc1fe5c073e uvc-241  uvc-heading-default-font-sizes\" data-hspacer=\"no_spacer\"  data-halign=\"center\" style=\"text-align:center\"><div class=\"uvc-heading-spacer no_spacer\" style=\"top\"><\/div><div class=\"uvc-main-heading ult-responsive\"  data-ultimate-target='.uvc-heading.ultimate-heading-523469dc1fe5c073e h2'  data-responsive-json-new='{\"font-size\":\"\",\"line-height\":\"\"}' ><h2 style=\"--font-weight:theme;\">Poste 3<\/h2><\/div><div class=\"uvc-sub-heading ult-responsive\"  data-ultimate-target='.uvc-heading.ultimate-heading-523469dc1fe5c073e .uvc-sub-heading '  data-responsive-json-new='{\"font-size\":\"\",\"line-height\":\"\"}'  style=\"font-weight:normal;\">La troisi\u00e8me zone rel\u00e8ve de la presque \u00eele du domaine vous offrant une possibilit\u00e9 de p\u00eache de 1 \u00e0 2 p\u00eacheurs :<\/p>\n<p>&nbsp;<\/p>\n<p>1 p\u00eacheur = 4 lignes autoris\u00e9es<\/p>\n<p>2 p\u00eacheurs = 6 lignes autoris\u00e9es<\/div><\/div>[\/vc_column_inner][vc_column_inner width=\u00a0\u00bb1\/2&Prime;]<style type=\"text\/css\" data-type=\"the7_shortcodes-inline-css\">.shortcode-single-image-wrap.shortcode-single-image-8798063b9c6634fa17c942b89979c82b.enable-bg-rollover .rollover i,\n.shortcode-single-image-wrap.shortcode-single-image-8798063b9c6634fa17c942b89979c82b.enable-bg-rollover .rollover-video i {\n  background: -webkit-linear-gradient();\n  background: linear-gradient();\n}\n.shortcode-single-image-wrap.shortcode-single-image-8798063b9c6634fa17c942b89979c82b .rollover-icon {\n  font-size: 32px;\n  color: #ffffff;\n  min-width: 44px;\n  min-height: 44px;\n  line-height: 44px;\n  border-radius: 100px;\n  border-style: solid;\n  border-width: 0px;\n}\n.dt-icon-bg-on.shortcode-single-image-wrap.shortcode-single-image-8798063b9c6634fa17c942b89979c82b .rollover-icon {\n  background: rgba(255,255,255,0.3);\n  box-shadow: none;\n}\n<\/style><div class=\"shortcode-single-image-wrap shortcode-single-image-8798063b9c6634fa17c942b89979c82b alignnone fadeInRight animate-element  enable-bg-rollover dt-icon-bg-off\" style=\"margin-top:0px; margin-bottom:0px; margin-left:0px; margin-right:0px; width:500px;\"><div class=\"shortcode-single-image\"><div class=\"fancy-media-wrap  layzr-bg\" style=\"\"><img loading=\"lazy\" decoding=\"async\" class=\"preload-me lazy-load\" src=\"data:image\/svg+xml,%3Csvg%20xmlns%3D&#39;http%3A%2F%2Fwww.w3.org%2F2000%2Fsvg&#39;%20viewBox%3D&#39;0%200%20500%20375&#39;%2F%3E\" data-src=\"https:\/\/vetam-carp-fishing.fr\/wp-content\/uploads\/2023\/01\/IMG_8688-1-500x375.jpg\" data-srcset=\"https:\/\/vetam-carp-fishing.fr\/wp-content\/uploads\/2023\/01\/IMG_8688-1-500x375.jpg 500w, https:\/\/vetam-carp-fishing.fr\/wp-content\/uploads\/2023\/01\/IMG_8688-1-1000x750.jpg 1000w\" width=\"500\" height=\"375\"  data-dt-location=\"https:\/\/vetam-carp-fishing.fr\/?attachment_id=2140\" style=\"\" alt=\"\" \/><\/div><\/div><\/div>[\/vc_column_inner][\/vc_row_inner][\/vc_column][\/vc_row]<\/p>\n<\/section>","protected":false},"excerpt":{"rendered":"<p>[vc_row css=\u00a0\u00bb.vc_custom_1560793098479{padding-bottom: 50px !important;}\u00a0\u00bb][vc_column][\/vc_column][\/vc_row][vc_row bg_type=\u00a0\u00bbimage\u00a0\u00bb parallax_style=\u00a0\u00bbvcpb-vz-jquery\u00a0\u00bb bg_image_new=\u00a0\u00bbid^2128|url^https:\/\/bigband-dev.fr\/wp-content\/uploads\/2023\/01\/IMG_6970-1.jpg|caption^null|alt^null|title^IMG_6970|description^null\u00a0\u00bb bg_override=\u00a0\u00bbex-full\u00a0\u00bb fadeout_row=\u00a0\u00bbfadeout_row_value\u00a0\u00bb fadeout_start_effect=\u00a0\u00bb30&Prime; enable_overlay=\u00a0\u00bbenable_overlay_value\u00a0\u00bb overlay_color=\u00a0\u00bbrgba(38,45,55,0.5)\u00a0\u00bb seperator_enable=\u00a0\u00bbseperator_enable_value\u00a0\u00bb seperator_type=\u00a0\u00bbtilt_left_seperator\u00a0\u00bb seperator_position=\u00a0\u00bbtop_bottom_seperator\u00a0\u00bb seperator_svg_height=\u00a0\u00bb100&Prime;][vc_column css=\u00a0\u00bb.vc_custom_1560418610056{padding-top: 150px !important;padding-bottom: 150px !important;}\u00a0\u00bb offset=\u00a0\u00bbvc_col-lg-offset-2 vc_col-lg-8&Prime;][\/vc_column][\/vc_row][vc_row][vc_column][\/vc_column][\/vc_row][vc_row css=\u00a0\u00bb.vc_custom_1560792780987{padding-top: 50px !important;padding-bottom: 20px !important;}\u00a0\u00bb][vc_column][\/vc_column][vc_column css=\u00a0\u00bb.vc_custom_1560787609636{padding-bottom: 45px !important;}\u00a0\u00bb][vc_row_inner][vc_column_inner][vc_empty_space][\/vc_column_inner][\/vc_row_inner][vc_row_inner][vc_column_inner width=\u00a0\u00bb1\/2&Prime;][vc_empty_space][vc_empty_space][\/vc_column_inner][vc_column_inner width=\u00a0\u00bb1\/2&Prime;][\/vc_column_inner][\/vc_row_inner][vc_row_inner][vc_column_inner][vc_empty_space][\/vc_column_inner][\/vc_row_inner][vc_row_inner][vc_column_inner width=\u00a0\u00bb1\/2&Prime;][\/vc_column_inner][vc_column_inner width=\u00a0\u00bb1\/2&Prime;][vc_empty_space][vc_empty_space][\/vc_column_inner][\/vc_row_inner][vc_row_inner][vc_column_inner][vc_empty_space][\/vc_column_inner][\/vc_row_inner][vc_row_inner][vc_column_inner width=\u00a0\u00bb1\/2&Prime;][vc_empty_space][vc_empty_space][\/vc_column_inner][vc_column_inner width=\u00a0\u00bb1\/2&Prime;][\/vc_column_inner][\/vc_row_inner][\/vc_column][\/vc_row]<\/p>\n","protected":false},"author":1,"featured_media":0,"parent":0,"menu_order":10,"comment_status":"closed","ping_status":"closed","template":"","meta":{"footnotes":""},"class_list":["post-1110","page","type-page","status-publish","hentry","description-off"],"_links":{"self":[{"href":"https:\/\/vetam-carp-fishing.fr\/index.php?rest_route=\/wp\/v2\/pages\/1110","targetHints":{"allow":["GET"]}}],"collection":[{"href":"https:\/\/vetam-carp-fishing.fr\/index.php?rest_route=\/wp\/v2\/pages"}],"about":[{"href":"https:\/\/vetam-carp-fishing.fr\/index.php?rest_route=\/wp\/v2\/types\/page"}],"author":[{"embeddable":true,"href":"https:\/\/vetam-carp-fishing.fr\/index.php?rest_route=\/wp\/v2\/users\/1"}],"replies":[{"embeddable":true,"href":"https:\/\/vetam-carp-fishing.fr\/index.php?rest_route=%2Fwp%2Fv2%2Fcomments&post=1110"}],"version-history":[{"count":22,"href":"https:\/\/vetam-carp-fishing.fr\/index.php?rest_route=\/wp\/v2\/pages\/1110\/revisions"}],"predecessor-version":[{"id":2614,"href":"https:\/\/vetam-carp-fishing.fr\/index.php?rest_route=\/wp\/v2\/pages\/1110\/revisions\/2614"}],"wp:attachment":[{"href":"https:\/\/vetam-carp-fishing.fr\/index.php?rest_route=%2Fwp%2Fv2%2Fmedia&parent=1110"}],"curies":[{"name":"wp","href":"https:\/\/api.w.org\/{rel}","templated":true}]}}