{"id":2383,"date":"2023-02-02T15:57:29","date_gmt":"2023-02-02T14:57:29","guid":{"rendered":"https:\/\/vetam-carp-fishing.fr\/?page_id=2383"},"modified":"2023-05-31T11:05:28","modified_gmt":"2023-05-31T09:05:28","slug":"photos","status":"publish","type":"page","link":"https:\/\/vetam-carp-fishing.fr\/?page_id=2383","title":{"rendered":"Photos"},"content":{"rendered":"<section class=\"wpb-content-wrapper\"><p>[vc_row full_width=\u00a0\u00bbstretch_row\u00a0\u00bb][vc_column]<section class=\"shortcode-action-box table no-line\"><div class=\"text-big\"><p style=\"text-align: center;\">Pour r\u00e9pondre \u00e0 votre curiosit\u00e9 et rendre encore plus attrayante votre soif de comp\u00e9tition, nous venons d&rsquo;acqu\u00e9rir<\/p>\n<p style=\"text-align: center;\"><strong>l&rsquo;Application OFF THE MARK.<\/strong><\/p>\n<p style=\"text-align: center;\">Son objectif est de recenser l&rsquo;ensemble des prises ainsi que leurs caract\u00e9ristiques pour que vous puissiez challenger les autres participants.<\/p>\n<p>&nbsp;<\/p>\n<p style=\"text-align: center;\">N&rsquo;h\u00e9sitez pas \u00e0 la t\u00e9l\u00e9charger, <strong>elle est gratuite<\/strong> !!!<\/p>\n<\/div><\/section>[\/vc_column][\/vc_row][vc_row][vc_column width=\u00a0\u00bb1\/6&Prime;]<style type=\"text\/css\" data-type=\"the7_shortcodes-inline-css\">.shortcode-single-image-wrap.shortcode-single-image-8b65f0385d784918be29c668fe1eb2ce.enable-bg-rollover .rollover i,\n.shortcode-single-image-wrap.shortcode-single-image-8b65f0385d784918be29c668fe1eb2ce.enable-bg-rollover .rollover-video i {\n  background: -webkit-linear-gradient();\n  background: linear-gradient();\n}\n.shortcode-single-image-wrap.shortcode-single-image-8b65f0385d784918be29c668fe1eb2ce .rollover-icon {\n  font-size: 32px;\n  color: #ffffff;\n  min-width: 44px;\n  min-height: 44px;\n  line-height: 44px;\n  border-radius: 100px;\n  border-style: solid;\n  border-width: 0px;\n}\n.dt-icon-bg-on.shortcode-single-image-wrap.shortcode-single-image-8b65f0385d784918be29c668fe1eb2ce .rollover-icon {\n  background: rgba(255,255,255,0.3);\n  box-shadow: none;\n}\n<\/style><div class=\"shortcode-single-image-wrap shortcode-single-image-8b65f0385d784918be29c668fe1eb2ce alignnone  enable-bg-rollover dt-icon-bg-off\" style=\"margin-top:0px; margin-bottom:0px; margin-left:0px; margin-right:0px; width:500px;\"><div class=\"shortcode-single-image\"><div class=\"fancy-media-wrap  layzr-bg\" style=\"\"><img loading=\"lazy\" decoding=\"async\" class=\"preload-me lazy-load\" src=\"data:image\/svg+xml,%3Csvg%20xmlns%3D&#39;http%3A%2F%2Fwww.w3.org%2F2000%2Fsvg&#39;%20viewBox%3D&#39;0%200%20485%201049&#39;%2F%3E\" data-src=\"https:\/\/vetam-carp-fishing.fr\/wp-content\/uploads\/2023\/03\/OFF-STAT-7.jpeg\" data-srcset=\"https:\/\/vetam-carp-fishing.fr\/wp-content\/uploads\/2023\/03\/OFF-STAT-7.jpeg 485w\" width=\"485\" height=\"1049\"  data-dt-location=\"https:\/\/vetam-carp-fishing.fr\/?attachment_id=2421\" style=\"\" alt=\"\" \/><\/div><\/div><\/div>[\/vc_column][vc_column width=\u00a0\u00bb1\/6&Prime;]<style type=\"text\/css\" data-type=\"the7_shortcodes-inline-css\">.shortcode-single-image-wrap.shortcode-single-image-0a6dd3eda4e36abb1ff42fc63ea7ca37.enable-bg-rollover .rollover i,\n.shortcode-single-image-wrap.shortcode-single-image-0a6dd3eda4e36abb1ff42fc63ea7ca37.enable-bg-rollover .rollover-video i {\n  background: -webkit-linear-gradient();\n  background: linear-gradient();\n}\n.shortcode-single-image-wrap.shortcode-single-image-0a6dd3eda4e36abb1ff42fc63ea7ca37 .rollover-icon {\n  font-size: 32px;\n  color: #ffffff;\n  min-width: 44px;\n  min-height: 44px;\n  line-height: 44px;\n  border-radius: 100px;\n  border-style: solid;\n  border-width: 0px;\n}\n.dt-icon-bg-on.shortcode-single-image-wrap.shortcode-single-image-0a6dd3eda4e36abb1ff42fc63ea7ca37 .rollover-icon {\n  background: rgba(255,255,255,0.3);\n  box-shadow: none;\n}\n<\/style><div class=\"shortcode-single-image-wrap shortcode-single-image-0a6dd3eda4e36abb1ff42fc63ea7ca37 alignnone  enable-bg-rollover dt-icon-bg-off\" style=\"margin-top:0px; margin-bottom:0px; margin-left:0px; margin-right:0px; width:500px;\"><div class=\"shortcode-single-image\"><div class=\"fancy-media-wrap  layzr-bg\" style=\"\"><img loading=\"lazy\" decoding=\"async\" class=\"preload-me lazy-load\" src=\"data:image\/svg+xml,%3Csvg%20xmlns%3D&#39;http%3A%2F%2Fwww.w3.org%2F2000%2Fsvg&#39;%20viewBox%3D&#39;0%200%20500%201081&#39;%2F%3E\" data-src=\"https:\/\/vetam-carp-fishing.fr\/wp-content\/uploads\/2023\/03\/OFF-STAT-2-500x1081.jpeg\" data-srcset=\"https:\/\/vetam-carp-fishing.fr\/wp-content\/uploads\/2023\/03\/OFF-STAT-2-500x1081.jpeg 500w, https:\/\/vetam-carp-fishing.fr\/wp-content\/uploads\/2023\/03\/OFF-STAT-2.jpeg 624w\" width=\"500\" height=\"1081\"  data-dt-location=\"https:\/\/vetam-carp-fishing.fr\/?attachment_id=2426\" style=\"\" alt=\"\" \/><\/div><\/div><\/div>[\/vc_column][vc_column width=\u00a0\u00bb1\/6&Prime;]<style type=\"text\/css\" data-type=\"the7_shortcodes-inline-css\">.shortcode-single-image-wrap.shortcode-single-image-b5b0c4c24671ad32902ac4c2434cf75f.enable-bg-rollover .rollover i,\n.shortcode-single-image-wrap.shortcode-single-image-b5b0c4c24671ad32902ac4c2434cf75f.enable-bg-rollover .rollover-video i {\n  background: -webkit-linear-gradient();\n  background: linear-gradient();\n}\n.shortcode-single-image-wrap.shortcode-single-image-b5b0c4c24671ad32902ac4c2434cf75f .rollover-icon {\n  font-size: 32px;\n  color: #ffffff;\n  min-width: 44px;\n  min-height: 44px;\n  line-height: 44px;\n  border-radius: 100px;\n  border-style: solid;\n  border-width: 0px;\n}\n.dt-icon-bg-on.shortcode-single-image-wrap.shortcode-single-image-b5b0c4c24671ad32902ac4c2434cf75f .rollover-icon {\n  background: rgba(255,255,255,0.3);\n  box-shadow: none;\n}\n<\/style><div class=\"shortcode-single-image-wrap shortcode-single-image-b5b0c4c24671ad32902ac4c2434cf75f alignnone  enable-bg-rollover dt-icon-bg-off\" style=\"margin-top:0px; margin-bottom:0px; margin-left:0px; margin-right:0px; width:500px;\"><div class=\"shortcode-single-image\"><div class=\"fancy-media-wrap  layzr-bg\" style=\"\"><img loading=\"lazy\" decoding=\"async\" class=\"preload-me lazy-load\" src=\"data:image\/svg+xml,%3Csvg%20xmlns%3D&#39;http%3A%2F%2Fwww.w3.org%2F2000%2Fsvg&#39;%20viewBox%3D&#39;0%200%20485%201049&#39;%2F%3E\" data-src=\"https:\/\/vetam-carp-fishing.fr\/wp-content\/uploads\/2023\/03\/OFF-STAT-3.jpeg\" data-srcset=\"https:\/\/vetam-carp-fishing.fr\/wp-content\/uploads\/2023\/03\/OFF-STAT-3.jpeg 485w\" width=\"485\" height=\"1049\"  data-dt-location=\"https:\/\/vetam-carp-fishing.fr\/?attachment_id=2425\" style=\"\" alt=\"\" \/><\/div><\/div><\/div>[\/vc_column][vc_column width=\u00a0\u00bb1\/6&Prime;]<style type=\"text\/css\" data-type=\"the7_shortcodes-inline-css\">.shortcode-single-image-wrap.shortcode-single-image-52c79c912d886ebd551ef7ca8f6a62d5.enable-bg-rollover .rollover i,\n.shortcode-single-image-wrap.shortcode-single-image-52c79c912d886ebd551ef7ca8f6a62d5.enable-bg-rollover .rollover-video i {\n  background: -webkit-linear-gradient();\n  background: linear-gradient();\n}\n.shortcode-single-image-wrap.shortcode-single-image-52c79c912d886ebd551ef7ca8f6a62d5 .rollover-icon {\n  font-size: 32px;\n  color: #ffffff;\n  min-width: 44px;\n  min-height: 44px;\n  line-height: 44px;\n  border-radius: 100px;\n  border-style: solid;\n  border-width: 0px;\n}\n.dt-icon-bg-on.shortcode-single-image-wrap.shortcode-single-image-52c79c912d886ebd551ef7ca8f6a62d5 .rollover-icon {\n  background: rgba(255,255,255,0.3);\n  box-shadow: none;\n}\n<\/style><div class=\"shortcode-single-image-wrap shortcode-single-image-52c79c912d886ebd551ef7ca8f6a62d5 alignnone  enable-bg-rollover dt-icon-bg-off\" style=\"margin-top:0px; margin-bottom:0px; margin-left:0px; margin-right:0px; width:500px;\"><div class=\"shortcode-single-image\"><div class=\"fancy-media-wrap  layzr-bg\" style=\"\"><img loading=\"lazy\" decoding=\"async\" class=\"preload-me lazy-load\" src=\"data:image\/svg+xml,%3Csvg%20xmlns%3D&#39;http%3A%2F%2Fwww.w3.org%2F2000%2Fsvg&#39;%20viewBox%3D&#39;0%200%20485%201049&#39;%2F%3E\" data-src=\"https:\/\/vetam-carp-fishing.fr\/wp-content\/uploads\/2023\/03\/OFF-STAT-4.jpeg\" data-srcset=\"https:\/\/vetam-carp-fishing.fr\/wp-content\/uploads\/2023\/03\/OFF-STAT-4.jpeg 485w\" width=\"485\" height=\"1049\"  data-dt-location=\"https:\/\/vetam-carp-fishing.fr\/?attachment_id=2424\" style=\"\" alt=\"\" \/><\/div><\/div><\/div>[\/vc_column][vc_column width=\u00a0\u00bb1\/6&Prime;]<style type=\"text\/css\" data-type=\"the7_shortcodes-inline-css\">.shortcode-single-image-wrap.shortcode-single-image-c4787d972d2db5ac81fcda235157efac.enable-bg-rollover .rollover i,\n.shortcode-single-image-wrap.shortcode-single-image-c4787d972d2db5ac81fcda235157efac.enable-bg-rollover .rollover-video i {\n  background: -webkit-linear-gradient();\n  background: linear-gradient();\n}\n.shortcode-single-image-wrap.shortcode-single-image-c4787d972d2db5ac81fcda235157efac .rollover-icon {\n  font-size: 32px;\n  color: #ffffff;\n  min-width: 44px;\n  min-height: 44px;\n  line-height: 44px;\n  border-radius: 100px;\n  border-style: solid;\n  border-width: 0px;\n}\n.dt-icon-bg-on.shortcode-single-image-wrap.shortcode-single-image-c4787d972d2db5ac81fcda235157efac .rollover-icon {\n  background: rgba(255,255,255,0.3);\n  box-shadow: none;\n}\n<\/style><div class=\"shortcode-single-image-wrap shortcode-single-image-c4787d972d2db5ac81fcda235157efac alignnone  enable-bg-rollover dt-icon-bg-off\" style=\"margin-top:0px; margin-bottom:0px; margin-left:0px; margin-right:0px; width:500px;\"><div class=\"shortcode-single-image\"><div class=\"fancy-media-wrap  layzr-bg\" style=\"\"><img loading=\"lazy\" decoding=\"async\" class=\"preload-me lazy-load\" src=\"data:image\/svg+xml,%3Csvg%20xmlns%3D&#39;http%3A%2F%2Fwww.w3.org%2F2000%2Fsvg&#39;%20viewBox%3D&#39;0%200%20485%201049&#39;%2F%3E\" data-src=\"https:\/\/vetam-carp-fishing.fr\/wp-content\/uploads\/2023\/03\/OFF-STAT-5.jpeg\" data-srcset=\"https:\/\/vetam-carp-fishing.fr\/wp-content\/uploads\/2023\/03\/OFF-STAT-5.jpeg 485w\" width=\"485\" height=\"1049\"  data-dt-location=\"https:\/\/vetam-carp-fishing.fr\/?attachment_id=2423\" style=\"\" alt=\"\" \/><\/div><\/div><\/div>[\/vc_column][vc_column width=\u00a0\u00bb1\/6&Prime;]<style type=\"text\/css\" data-type=\"the7_shortcodes-inline-css\">.shortcode-single-image-wrap.shortcode-single-image-356a52ce262d6c2f5a956d0d9d1d69b7.enable-bg-rollover .rollover i,\n.shortcode-single-image-wrap.shortcode-single-image-356a52ce262d6c2f5a956d0d9d1d69b7.enable-bg-rollover .rollover-video i {\n  background: -webkit-linear-gradient();\n  background: linear-gradient();\n}\n.shortcode-single-image-wrap.shortcode-single-image-356a52ce262d6c2f5a956d0d9d1d69b7 .rollover-icon {\n  font-size: 32px;\n  color: #ffffff;\n  min-width: 44px;\n  min-height: 44px;\n  line-height: 44px;\n  border-radius: 100px;\n  border-style: solid;\n  border-width: 0px;\n}\n.dt-icon-bg-on.shortcode-single-image-wrap.shortcode-single-image-356a52ce262d6c2f5a956d0d9d1d69b7 .rollover-icon {\n  background: rgba(255,255,255,0.3);\n  box-shadow: none;\n}\n<\/style><div class=\"shortcode-single-image-wrap shortcode-single-image-356a52ce262d6c2f5a956d0d9d1d69b7 alignnone  enable-bg-rollover dt-icon-bg-off\" style=\"margin-top:0px; margin-bottom:0px; margin-left:0px; margin-right:0px; width:500px;\"><div class=\"shortcode-single-image\"><div class=\"fancy-media-wrap  layzr-bg\" style=\"\"><img loading=\"lazy\" decoding=\"async\" class=\"preload-me lazy-load\" src=\"data:image\/svg+xml,%3Csvg%20xmlns%3D&#39;http%3A%2F%2Fwww.w3.org%2F2000%2Fsvg&#39;%20viewBox%3D&#39;0%200%20485%201049&#39;%2F%3E\" data-src=\"https:\/\/vetam-carp-fishing.fr\/wp-content\/uploads\/2023\/03\/OFF-STAT-6.jpeg\" data-srcset=\"https:\/\/vetam-carp-fishing.fr\/wp-content\/uploads\/2023\/03\/OFF-STAT-6.jpeg 485w\" width=\"485\" height=\"1049\"  data-dt-location=\"https:\/\/vetam-carp-fishing.fr\/?attachment_id=2422\" style=\"\" alt=\"\" \/><\/div><\/div><\/div>[\/vc_column][\/vc_row][vc_row][vc_column][vc_empty_space][vc_empty_space]<blockquote class=\"text-big shortcode-blockquote\"><h3 style=\"text-align: center;\">Un petit tour d&rsquo;Horizon &#8230;<\/h3>\n<\/blockquote>[\/vc_column][\/vc_row][vc_row][vc_column][vc_masonry_media_grid style=\u00a0\u00bblazy\u00a0\u00bb gap=\u00a0\u00bb15&Prime; grid_id=\u00a0\u00bbvc_gid:1685523271048-ed13d819-456b-9&Prime; include=\u00a0\u00bb2468,2469,2401,2470,2471,2472,2473,2402,2474,2475,2476,2477,2478,2479,2480,2481,2482,2483,2484,2463,2462,2461,2460,2459,2458,2457,2456,2455,2454,2453,2452,2444,2443,2442,2441,2440,2439,2438,2437,2435,2436,2434,2433,2432,2431,2404,2403&Prime;][\/vc_column][\/vc_row]<\/p>\n<\/section>","protected":false},"excerpt":{"rendered":"<p>[vc_row full_width=\u00a0\u00bbstretch_row\u00a0\u00bb][vc_column][\/vc_column][\/vc_row][vc_row][vc_column width=\u00a0\u00bb1\/6&Prime;][\/vc_column][vc_column width=\u00a0\u00bb1\/6&Prime;][\/vc_column][vc_column width=\u00a0\u00bb1\/6&Prime;][\/vc_column][vc_column width=\u00a0\u00bb1\/6&Prime;][\/vc_column][vc_column width=\u00a0\u00bb1\/6&Prime;][\/vc_column][vc_column width=\u00a0\u00bb1\/6&Prime;][\/vc_column][\/vc_row][vc_row][vc_column][vc_empty_space][vc_empty_space][\/vc_column][\/vc_row][vc_row][vc_column][vc_masonry_media_grid style=\u00a0\u00bblazy\u00a0\u00bb gap=\u00a0\u00bb15&Prime; grid_id=\u00a0\u00bbvc_gid:1685523271048-ed13d819-456b-9&Prime; include=\u00a0\u00bb2468,2469,2401,2470,2471,2472,2473,2402,2474,2475,2476,2477,2478,2479,2480,2481,2482,2483,2484,2463,2462,2461,2460,2459,2458,2457,2456,2455,2454,2453,2452,2444,2443,2442,2441,2440,2439,2438,2437,2435,2436,2434,2433,2432,2431,2404,2403&Prime;][\/vc_column][\/vc_row]<\/p>\n","protected":false},"author":1,"featured_media":0,"parent":0,"menu_order":0,"comment_status":"closed","ping_status":"closed","template":"","meta":{"footnotes":""},"class_list":["post-2383","page","type-page","status-publish","hentry","description-off"],"_links":{"self":[{"href":"https:\/\/vetam-carp-fishing.fr\/index.php?rest_route=\/wp\/v2\/pages\/2383","targetHints":{"allow":["GET"]}}],"collection":[{"href":"https:\/\/vetam-carp-fishing.fr\/index.php?rest_route=\/wp\/v2\/pages"}],"about":[{"href":"https:\/\/vetam-carp-fishing.fr\/index.php?rest_route=\/wp\/v2\/types\/page"}],"author":[{"embeddable":true,"href":"https:\/\/vetam-carp-fishing.fr\/index.php?rest_route=\/wp\/v2\/users\/1"}],"replies":[{"embeddable":true,"href":"https:\/\/vetam-carp-fishing.fr\/index.php?rest_route=%2Fwp%2Fv2%2Fcomments&post=2383"}],"version-history":[{"count":23,"href":"https:\/\/vetam-carp-fishing.fr\/index.php?rest_route=\/wp\/v2\/pages\/2383\/revisions"}],"predecessor-version":[{"id":2489,"href":"https:\/\/vetam-carp-fishing.fr\/index.php?rest_route=\/wp\/v2\/pages\/2383\/revisions\/2489"}],"wp:attachment":[{"href":"https:\/\/vetam-carp-fishing.fr\/index.php?rest_route=%2Fwp%2Fv2%2Fmedia&parent=2383"}],"curies":[{"name":"wp","href":"https:\/\/api.w.org\/{rel}","templated":true}]}}