{"id":249,"date":"2018-10-30T18:17:00","date_gmt":"2018-10-30T18:17:00","guid":{"rendered":"https:\/\/the7.io\/g-business\/?page_id=249"},"modified":"2025-09-17T13:33:55","modified_gmt":"2025-09-17T11:33:55","slug":"services","status":"publish","type":"page","link":"https:\/\/vetam-carp-fishing.fr\/?page_id=249","title":{"rendered":"R\u00e9servation"},"content":{"rendered":"<section class=\"wpb-content-wrapper\"><p>[vc_row][vc_column][vc_cta h2=\u00a0\u00bbConditions G\u00e9n\u00e9rales\u00a0\u00bb]Les r\u00e9servations seront effectives \u00e0 r\u00e9ception de la somme totale payable en esp\u00e8ce ou par virement bancaire \u00e0 r\u00e9gler minimum 30 jours avant les dates, le restant est \u00e0 r\u00e9gler sur place d\u00e8s le d\u00e9but de votre s\u00e9jour.[\/vc_cta][\/vc_column][\/vc_row][vc_row][vc_column width=\u00a0\u00bb2\/5&Prime;][vc_column_text]L&rsquo;acompte de la somme totale obligatoire pour toute r\u00e9servation ne sera rembours\u00e9 en aucun cas. En cas d&rsquo;annulation plus de 2 mois avant la date d&rsquo;arriv\u00e9e pr\u00e9vue, il pourra \u00eatre report\u00e9 sur une session ult\u00e9rieure sous 12 mois, si l&rsquo;annulation intervient moins de 2 mois avant la date d&rsquo;arriv\u00e9e, il sera perdu ou il pourra \u00eatre c\u00e9d\u00e9 \u00e0 un tiers.<\/p>\n<p>Aucun remboursement, report ou avoir en cas de d\u00e9part anticip\u00e9 de la part du p\u00eacheur ne sera effectu\u00e9 quel qu\u2019en soit la raison.[\/vc_column_text][\/vc_column][vc_column width=\u00a0\u00bb3\/5&Prime;][vc_column_text]Un accompagnant par p\u00eacheur est autoris\u00e9 (hors enfant de moins de 16 ans).[\/vc_column_text][vc_column_text]Les arriv\u00e9es se font \u00e0 partir de 13h00 et les d\u00e9parts \u00e0 11h00 maximum.[\/vc_column_text][vc_column_text]Aucun d\u00e9part ou arriv\u00e9e ne sera autoris\u00e9 hors de ces horaires, en cas de contre-temps merci de pr\u00e9venir.[\/vc_column_text][\/vc_column][\/vc_row][vc_row][vc_column]<style type=\"text\/css\" data-type=\"the7_shortcodes-inline-css\">.dt-breadcrumbs-id-1f80a5519860322a8aa5594f686f28c0 .breadcrumbs {\n  display: inline-block;\n  margin: 0;\n  padding: 2px 10px 2px 10px;\n  border: 0px solid ;\n  border-radius: 0px;\n}\n.dt-breadcrumbs-id-1f80a5519860322a8aa5594f686f28c0 .breadcrumbs * {\n  color: #a2a5a6;\n}\n<\/style><div class=\"dt-breadcrumbs-shortcode dt-breadcrumbs-id-1f80a5519860322a8aa5594f686f28c0 align-centre\"><div class=\"assistive-text\">Vous \u00eates ici :<\/div><ol class=\"breadcrumbs text-small\" itemscope itemtype=\"https:\/\/schema.org\/BreadcrumbList\"><li itemprop=\"itemListElement\" itemscope itemtype=\"https:\/\/schema.org\/ListItem\"><a itemprop=\"item\" href=\"https:\/\/vetam-carp-fishing.fr\/\" title=\"Accueil\"><span itemprop=\"name\">Accueil<\/span><\/a><meta itemprop=\"position\" content=\"1\" \/><\/li><li class=\"current\" itemprop=\"itemListElement\" itemscope itemtype=\"https:\/\/schema.org\/ListItem\"><span itemprop=\"name\">Page<\/span><meta itemprop=\"position\" content=\"2\" \/><\/li><\/ol><\/div>[\/vc_column][\/vc_row]<\/p>\n<\/section>","protected":false},"excerpt":{"rendered":"<p>[vc_row][vc_column][vc_cta h2=\u00a0\u00bbConditions G\u00e9n\u00e9rales\u00a0\u00bb]Les r\u00e9servations seront effectives \u00e0 r\u00e9ception de la somme totale payable en esp\u00e8ce ou par virement bancaire \u00e0 r\u00e9gler minimum 30 jours avant les dates, le restant est \u00e0 r\u00e9gler sur place d\u00e8s le d\u00e9but de votre s\u00e9jour.[\/vc_cta][\/vc_column][\/vc_row][vc_row][vc_column width=\u00a0\u00bb2\/5&Prime;][vc_column_text]L&rsquo;acompte de la somme totale obligatoire pour toute r\u00e9servation ne sera rembours\u00e9 en aucun cas.&hellip;<\/p>\n","protected":false},"author":1,"featured_media":0,"parent":0,"menu_order":20,"comment_status":"closed","ping_status":"closed","template":"","meta":{"footnotes":""},"class_list":["post-249","page","type-page","status-publish","hentry","description-off"],"_links":{"self":[{"href":"https:\/\/vetam-carp-fishing.fr\/index.php?rest_route=\/wp\/v2\/pages\/249","targetHints":{"allow":["GET"]}}],"collection":[{"href":"https:\/\/vetam-carp-fishing.fr\/index.php?rest_route=\/wp\/v2\/pages"}],"about":[{"href":"https:\/\/vetam-carp-fishing.fr\/index.php?rest_route=\/wp\/v2\/types\/page"}],"author":[{"embeddable":true,"href":"https:\/\/vetam-carp-fishing.fr\/index.php?rest_route=\/wp\/v2\/users\/1"}],"replies":[{"embeddable":true,"href":"https:\/\/vetam-carp-fishing.fr\/index.php?rest_route=%2Fwp%2Fv2%2Fcomments&post=249"}],"version-history":[{"count":7,"href":"https:\/\/vetam-carp-fishing.fr\/index.php?rest_route=\/wp\/v2\/pages\/249\/revisions"}],"predecessor-version":[{"id":2537,"href":"https:\/\/vetam-carp-fishing.fr\/index.php?rest_route=\/wp\/v2\/pages\/249\/revisions\/2537"}],"wp:attachment":[{"href":"https:\/\/vetam-carp-fishing.fr\/index.php?rest_route=%2Fwp%2Fv2%2Fmedia&parent=249"}],"curies":[{"name":"wp","href":"https:\/\/api.w.org\/{rel}","templated":true}]}}