{"id":303,"date":"2018-11-07T17:18:51","date_gmt":"2018-11-07T17:18:51","guid":{"rendered":"https:\/\/the7.io\/g-business\/?page_id=303"},"modified":"2024-02-21T12:45:31","modified_gmt":"2024-02-21T11:45:31","slug":"blog","status":"publish","type":"page","link":"https:\/\/vetam-carp-fishing.fr\/?page_id=303","title":{"rendered":"R\u00e9glementation"},"content":{"rendered":"<section class=\"wpb-content-wrapper\"><p>[vc_row css=\u00a0\u00bb.vc_custom_1560793098479{padding-bottom: 50px !important;}\u00a0\u00bb][vc_column]<div id=\"ultimate-heading-822969dc24bb7deb6\" class=\"uvc-heading ult-adjust-bottom-margin ultimate-heading-822969dc24bb7deb6 uvc-4620  uvc-heading-default-font-sizes\" data-hspacer=\"no_spacer\"  data-halign=\"center\" style=\"text-align:center\"><div class=\"uvc-heading-spacer no_spacer\" style=\"top\"><\/div><div class=\"uvc-main-heading ult-responsive\"  data-ultimate-target='.uvc-heading.ultimate-heading-822969dc24bb7deb6 h2'  data-responsive-json-new='{\"font-size\":\"\",\"line-height\":\"\"}' ><h2 style=\"font-weight:bold;margin-bottom:10px;\">Lire attentivement les directives imp\u00e9ratives \u00e0 suivre !!!<\/h2><\/div><div class=\"uvc-sub-heading ult-responsive\"  data-ultimate-target='.uvc-heading.ultimate-heading-822969dc24bb7deb6 .uvc-sub-heading '  data-responsive-json-new='{\"font-size\":\"desktop:24px;\",\"line-height\":\"desktop:34px;\"}'  style=\"font-weight:bold;color:#93c248;\"><span style=\"color: #005c4c;\">La direction se r\u00e9serve le droit de mettre un terme au contrat sans contre partie \u00e0 l&rsquo;instant o\u00f9 une infraction au r\u00e8glement sera constat\u00e9e sans modalit\u00e9 particuli\u00e8re.<\/span><\/div><\/div>[\/vc_column][\/vc_row][vc_row bg_type=\u00a0\u00bbimage\u00a0\u00bb parallax_style=\u00a0\u00bbvcpb-vz-jquery\u00a0\u00bb bg_image_new=\u00a0\u00bbid^2149|url^https:\/\/bigband-dev.fr\/wp-content\/uploads\/2023\/01\/IMG_8877-1.png|caption^null|alt^null|title^IMG_8877|description^null\u00a0\u00bb bg_override=\u00a0\u00bbex-full\u00a0\u00bb fadeout_row=\u00a0\u00bbfadeout_row_value\u00a0\u00bb fadeout_start_effect=\u00a0\u00bb30&Prime; enable_overlay=\u00a0\u00bbenable_overlay_value\u00a0\u00bb overlay_color=\u00a0\u00bbrgba(38,45,55,0.5)\u00a0\u00bb seperator_enable=\u00a0\u00bbseperator_enable_value\u00a0\u00bb seperator_type=\u00a0\u00bbtilt_left_seperator\u00a0\u00bb seperator_position=\u00a0\u00bbtop_bottom_seperator\u00a0\u00bb seperator_svg_height=\u00a0\u00bb100&Prime;][vc_column css=\u00a0\u00bb.vc_custom_1560418610056{padding-top: 150px !important;padding-bottom: 150px !important;}\u00a0\u00bb offset=\u00a0\u00bbvc_col-lg-offset-2 vc_col-lg-8&Prime;]<div id=\"ultimate-heading-866769dc24bb7df19\" class=\"uvc-heading ult-adjust-bottom-margin ultimate-heading-866769dc24bb7df19 uvc-3113 accent-subtitle-color uvc-heading-default-font-sizes\" data-hspacer=\"no_spacer\"  data-halign=\"right\" style=\"text-align:right\"><div class=\"uvc-heading-spacer no_spacer\" style=\"top\"><\/div><div class=\"uvc-main-heading ult-responsive\"  data-ultimate-target='.uvc-heading.ultimate-heading-866769dc24bb7df19 h3'  data-responsive-json-new='{\"font-size\":\"\",\"line-height\":\"\"}' ><h3 style=\"font-weight:bold;color:#ffffff;margin-bottom:15px;\">L'\u00e9merveillement constitue le premier pas vers le respect.<\/h3><\/div><div class=\"uvc-sub-heading ult-responsive\"  data-ultimate-target='.uvc-heading.ultimate-heading-866769dc24bb7df19 .uvc-sub-heading '  data-responsive-json-new='{\"font-size\":\"desktop:24px;\",\"line-height\":\"desktop:34px;\"}'  style=\"font-weight:bold;color:#262d37;\"><\/p>\n<h6><span style=\"color: #ffffff;\">Nicolas HULOT<\/span><\/h6>\n<p><\/div><\/div>[\/vc_column][\/vc_row][vc_row css=\u00a0\u00bb.vc_custom_1560794159870{padding-top: 50px !important;}\u00a0\u00bb][vc_column]<div id=\"ultimate-heading-622369dc24bb7df5e\" class=\"uvc-heading ult-adjust-bottom-margin ultimate-heading-622369dc24bb7df5e uvc-8766  uvc-heading-default-font-sizes\" data-hspacer=\"no_spacer\"  data-halign=\"center\" style=\"text-align:center\"><div class=\"uvc-heading-spacer no_spacer\" style=\"top\"><\/div><div class=\"uvc-main-heading ult-responsive\"  data-ultimate-target='.uvc-heading.ultimate-heading-622369dc24bb7df5e h2'  data-responsive-json-new='{\"font-size\":\"\",\"line-height\":\"\"}' ><h2 style=\"font-weight:bold;\">Charte du domaine<\/h2><\/div><\/div><div id=\"ultimate-heading-929669dc24bb7dfa6\" class=\"uvc-heading ult-adjust-bottom-margin ultimate-heading-929669dc24bb7dfa6 uvc-3676 \" data-hspacer=\"no_spacer\"  data-halign=\"left\" style=\"text-align:left\"><div class=\"uvc-heading-spacer no_spacer\" style=\"top\"><\/div><div class=\"uvc-main-heading ult-responsive\"  data-ultimate-target='.uvc-heading.ultimate-heading-929669dc24bb7dfa6 h4'  data-responsive-json-new='{\"font-size\":\"desktop:30px;\",\"line-height\":\"desktop:40px;\"}' ><h4 style=\"font-weight:bold;margin-bottom:20px;\">Afin de pr\u00e9server la tranquillit\u00e9 des lieux et des p\u00eacheurs, nous vous invitons \u00e0 respecter les consignes suivantes :<\/h4><\/div><\/div>[vc_row_inner][vc_column_inner width=\u00a0\u00bb1\/3&Prime;][vc_column_text]La circulation des v\u00e9hicules se fait \u00e0 10 km\/h maximum autour de l\u2019\u00e9tang.[\/vc_column_text][vc_column_text]Les clefs du portail ne doivent jamais quitter le site sauf avec notre autorisation. Pour les achats ext\u00e9rieurs, veuillez nous pr\u00e9venir avant votre d\u00e9part.[\/vc_column_text][vc_column_text]Les visites sont interdites sur le domaine. Seuls les conjoints et les enfants sont autoris\u00e9s.[\/vc_column_text][vc_column_text]Les v\u00e9hicules des p\u00eacheurs sont les seuls \u00e0 rester sur les postes et ne doivent pas circuler pendant la session de p\u00eache.[\/vc_column_text][vc_column_text]Les chiens sont admis, mais doivent demeurer sous surveillance constante des propri\u00e9taires. Vous devez vous assurer qu\u2019ils ne quittent pas le poste (maintien en laisse) et qu\u2019ils ne perturbent pas les autres p\u00eacheurs.[\/vc_column_text][vc_column_text]Les enfants doivent \u00eatre surveill\u00e9s en permanence par un adulte, le port d\u2019un gilet de sauvetage est obligatoire.[\/vc_column_text][\/vc_column_inner][vc_column_inner width=\u00a0\u00bb1\/3&Prime;][vc_column_text]En cas d\u2019ivresse \u00e9vidente ou de consommation de produits stup\u00e9fiants, les propri\u00e9taires se r\u00e9servent le droit de votre exclusion imm\u00e9diate du site et ceci sans remboursement.[\/vc_column_text][vc_column_text]Respecter les autres p\u00eacheurs et le voisinage. Ne pas crier ou faire du bruit et ne pas commettre d\u2019incivilit\u00e9s.[\/vc_column_text][vc_column_text]Respecter les limites de p\u00eache suivant le poste (voir plan).[\/vc_column_text][vc_column_text]Respecter la faune et la flore.[\/vc_column_text][vc_column_text]Interdiction de casser ou couper des branches, roseaux, fleurs, n\u00e9nuphars\u2026[\/vc_column_text][vc_column_text]Feu au sol interdit.[\/vc_column_text][vc_column_text]Les barbecues sont fournis \u00e0 chaque poste, seul le charbon de bois vous incombe.<\/p>\n<p>Par ailleurs, il est scrupuleusement interdit d&rsquo;y mettre d&rsquo;autres mati\u00e8res tels que des morceaux de bois ou branches.[\/vc_column_text][\/vc_column_inner][vc_column_inner width=\u00a0\u00bb1\/3&Prime;][vc_column_text]Obligation de maintenir les postes de p\u00eache propre.[\/vc_column_text][vc_column_text]Obligation de ramasser vos d\u00e9chets et excr\u00e9ments. Vous devez emporter vos poubelles d\u00e8s la fin de votre session.[\/vc_column_text][vc_column_text]Seuls les bywys et toile de tente de couleur vert, marron ou noir sont autoris\u00e9s.[\/vc_column_text][vc_column_text]Le domaine d\u00e9cline toute responsabilit\u00e9 en cas de vol ou d\u2019accident.[\/vc_column_text][vc_column_text]Le site est sous vid\u00e9osurveillance pour votre s\u00e9curit\u00e9 et votre tranquillit\u00e9.[\/vc_column_text][vc_column_text]Le flagrant d\u00e9lit de vol de poissons, pr\u00e9vu et r\u00e9prim\u00e9 par l&rsquo;article 311-1 du Code p\u00e9nal, fera l&rsquo;objet d&rsquo;une plainte aupr\u00e8s des services de gendarmerie, et les poursuites engag\u00e9es devant le tribunal de police. L&rsquo;exclusion imm\u00e9diate et la prohibition finale du site seront d\u00e9clar\u00e9es.[\/vc_column_text][\/vc_column_inner][\/vc_row_inner][\/vc_column][\/vc_row][vc_row full_width=\u00a0\u00bbstretch_row_content_no_spaces\u00a0\u00bb css=\u00a0\u00bb.vc_custom_1673360004554{padding-top: 50px !important;padding-bottom: 20px !important;}\u00a0\u00bb][vc_column css=\u00a0\u00bb.vc_custom_1560787609636{padding-bottom: 45px !important;}\u00a0\u00bb]<div class=\"hr-thin style-dashed\" style=\"width: 100%;border-color: rgba(0,92,76,0.3);border-top-width: 3px;\"><\/div>[\/vc_column][\/vc_row][vc_row bg_type=\u00a0\u00bbimage\u00a0\u00bb parallax_style=\u00a0\u00bbvcpb-vz-jquery\u00a0\u00bb bg_image_new=\u00a0\u00bbid^2085|url^https:\/\/bigband-dev.fr\/wp-content\/uploads\/2023\/01\/IMG_7085.jpg|caption^null|alt^null|title^IMG_7085|description^null\u00a0\u00bb bg_override=\u00a0\u00bbex-full\u00a0\u00bb fadeout_row=\u00a0\u00bbfadeout_row_value\u00a0\u00bb fadeout_start_effect=\u00a0\u00bb30&Prime; enable_overlay=\u00a0\u00bbenable_overlay_value\u00a0\u00bb overlay_color=\u00a0\u00bbrgba(38,45,55,0.5)\u00a0\u00bb seperator_enable=\u00a0\u00bbseperator_enable_value\u00a0\u00bb seperator_type=\u00a0\u00bbtilt_left_seperator\u00a0\u00bb seperator_position=\u00a0\u00bbtop_bottom_seperator\u00a0\u00bb seperator_svg_height=\u00a0\u00bb100&Prime; css=\u00a0\u00bb.vc_custom_1673360185008{padding-top: 50px !important;}\u00a0\u00bb][vc_column css=\u00a0\u00bb.vc_custom_1560418610056{padding-top: 150px !important;padding-bottom: 150px !important;}\u00a0\u00bb offset=\u00a0\u00bbvc_col-lg-offset-2 vc_col-lg-8&Prime;]<div id=\"ultimate-heading-89169dc24bb7e01d\" class=\"uvc-heading ult-adjust-bottom-margin ultimate-heading-89169dc24bb7e01d uvc-4375 accent-subtitle-color uvc-heading-default-font-sizes\" data-hspacer=\"no_spacer\"  data-halign=\"center\" style=\"text-align:center\"><div class=\"uvc-heading-spacer no_spacer\" style=\"top\"><\/div><div class=\"uvc-sub-heading ult-responsive\"  data-ultimate-target='.uvc-heading.ultimate-heading-89169dc24bb7e01d .uvc-sub-heading '  data-responsive-json-new='{\"font-size\":\"desktop:28px;\",\"line-height\":\"desktop:34px;\"}'  style=\"font-weight:bold;color:#262d37;\"><\/p>\n<h1><span style=\"color: #ff6600;\">PECHE NO KILL !!!<\/span><\/h1>\n<p><\/div><\/div>[\/vc_column][\/vc_row][vc_row full_width=\u00a0\u00bbstretch_row_content_no_spaces\u00a0\u00bb css=\u00a0\u00bb.vc_custom_1673360004554{padding-top: 50px !important;padding-bottom: 20px !important;}\u00a0\u00bb][vc_column css=\u00a0\u00bb.vc_custom_1560787609636{padding-bottom: 45px !important;}\u00a0\u00bb]<div class=\"hr-thin style-dashed\" style=\"width: 100%;border-color: rgba(0,92,76,0.3);border-top-width: 3px;\"><\/div>[\/vc_column][\/vc_row][vc_row css=\u00a0\u00bb.vc_custom_1560787254950{padding-bottom: 40px !important;}\u00a0\u00bb][vc_column width=\u00a0\u00bb2\/5&Prime;]<div id=\"ultimate-heading-447869dc24bb7e063\" class=\"uvc-heading ult-adjust-bottom-margin ultimate-heading-447869dc24bb7e063 uvc-5659 \" data-hspacer=\"no_spacer\"  data-halign=\"left\" style=\"text-align:left\"><div class=\"uvc-heading-spacer no_spacer\" style=\"top\"><\/div><div class=\"uvc-main-heading ult-responsive\"  data-ultimate-target='.uvc-heading.ultimate-heading-447869dc24bb7e063 h4'  data-responsive-json-new='{\"font-size\":\"desktop:30px;\",\"line-height\":\"desktop:40px;\"}' ><h4 style=\"font-weight:bold;margin-bottom:20px;\">Conditions de p\u00eache<\/h4><\/div><\/div>[vc_column_text css=\u00a0\u00bb.vc_custom_1685525023819{padding-bottom: 10px !important;}\u00a0\u00bb]Dans l\u2019int\u00e9r\u00eat du bien-\u00eatre des animaux, nous vous demandons d\u2019\u00e9viter de manipuler le poisson de fa\u00e7on excessive.<\/p>\n<p>Les captures doivent s\u2019effectuer dans le calme afin de ne pas stresser davantage les poissons.<\/p>\n<p>Vous devez toujours d\u00e9sinfecter les plaies avec un d\u00e9sinfectant que nous mettrons \u00e0 votre disposition.<\/p>\n<p>Merci de les remettre \u00e0 l\u2019eau le plus rapidement possible, d\u2019effectuer la sortie de l\u2019eau \u00e0 l\u2019aide d\u2019une \u00e9puisette de bien les poser sur un tapis de r\u00e9ception humide et de ne pas les mettre en plein soleil.<\/p>\n<p>Toutes les s\u00e9ances photos doivent s\u2019effectuer \u00e0 genoux.<\/p>\n<p>Nous vous demandons \u00e9galement de nous envoyer une photo de vos prises soit par sms ou bien par mail.<\/p>\n<p>Ne pas oublier que ces magnifiques troph\u00e9es restent des \u00eatres vivants, merci de les respecter.[\/vc_column_text][\/vc_column][vc_column width=\u00a0\u00bb3\/5&Prime;]<div class=\"standard-number-list bullet-top\"><ul>\n<li>Corps de ligne nylon (entre 30\/100 et 45\/100) autoris\u00e9\u00a0;<\/li>\n<li>Corps de ligne en tresse autoris\u00e9 (seulement avec un bas de ligne de 4 m\u00e8tres minimums de fluorocarbone).<\/li>\n<li>Tresse en bas de ligne interdite.<\/li>\n<li>Leadcore interdit.<\/li>\n<li>Hame\u00e7ons avec ardillons interdit.<\/li>\n<li>Hame\u00e7ons avec petits ardillons, \u00e9cras\u00e9s ou sans, autoris\u00e9s.<\/li>\n<li>Tapis de r\u00e9ception humidifi\u00e9 obligatoire.<\/li>\n<li>\u00c9puisette \u00e0 grande ouverture obligatoire.<\/li>\n<li>Barque avec moteur \u00e9lectrique ou rames autoris\u00e9 (pas de moteur thermique).<\/li>\n<li>Gilet de sauvetage obligatoire (sur la barque).<\/li>\n<li>Bateau amorceur autoris\u00e9.<\/li>\n<li>\u00c9chosondeur autoris\u00e9.<\/li>\n<li>Rep\u00e8res autoris\u00e9s.<\/li>\n<li>Groupe \u00e9lectrog\u00e8ne interdit.<\/li>\n<li>Graines interdites sauf graines vendues par le domaine. (VOIR TARIFS)<\/li>\n<li>Amor\u00e7age par Bait Rocket ou Cobra autoris\u00e9.<\/li>\n<li>Sac de conservation interdit.<\/li>\n<li>Interdiction de quitter le poste, sans avoir relev\u00e9 les cannes.<\/li>\n<li>Il est interdit d&rsquo;utiliser l&rsquo;\u00e9puisette avec les esturgeons.<\/li>\n<li>Attention \u00e0 la manipulation des esturgeons, c&rsquo;est tr\u00e8s fragile!!<\/li>\n<\/ul>\n<\/div>[\/vc_column][\/vc_row][vc_row bg_type=\u00a0\u00bbimage\u00a0\u00bb parallax_style=\u00a0\u00bbvcpb-vz-jquery\u00a0\u00bb bg_image_new=\u00a0\u00bbid^2071|url^https:\/\/bigband-dev.fr\/wp-content\/uploads\/2022\/12\/IMG_6970.jpg|caption^null|alt^null|title^IMG_6970|description^null\u00a0\u00bb bg_override=\u00a0\u00bbex-full\u00a0\u00bb fadeout_row=\u00a0\u00bbfadeout_row_value\u00a0\u00bb fadeout_start_effect=\u00a0\u00bb30&Prime; enable_overlay=\u00a0\u00bbenable_overlay_value\u00a0\u00bb overlay_color=\u00a0\u00bbrgba(38,45,55,0.5)\u00a0\u00bb seperator_enable=\u00a0\u00bbseperator_enable_value\u00a0\u00bb seperator_type=\u00a0\u00bbtilt_left_seperator\u00a0\u00bb seperator_position=\u00a0\u00bbtop_bottom_seperator\u00a0\u00bb seperator_svg_height=\u00a0\u00bb100&Prime;][vc_column css=\u00a0\u00bb.vc_custom_1560418610056{padding-top: 150px !important;padding-bottom: 150px !important;}\u00a0\u00bb offset=\u00a0\u00bbvc_col-lg-offset-2 vc_col-lg-8&Prime;]<div id=\"ultimate-heading-566369dc24bb7e198\" class=\"uvc-heading ult-adjust-bottom-margin ultimate-heading-566369dc24bb7e198 uvc-7681 accent-subtitle-color uvc-heading-default-font-sizes\" data-hspacer=\"no_spacer\"  data-halign=\"center\" style=\"text-align:center\"><div class=\"uvc-heading-spacer no_spacer\" style=\"top\"><\/div><\/div>[\/vc_column][\/vc_row][vc_row][vc_column]<div id=\"ultimate-heading-513369dc24bb7e1d4\" class=\"uvc-heading ult-adjust-bottom-margin ultimate-heading-513369dc24bb7e1d4 uvc-7240  uvc-heading-default-font-sizes\" data-hspacer=\"no_spacer\"  data-halign=\"center\" style=\"text-align:center\"><div class=\"uvc-heading-spacer no_spacer\" style=\"top\"><\/div><\/div>[\/vc_column][\/vc_row][vc_row css=\u00a0\u00bb.vc_custom_1560778311219{margin-bottom: -20px !important;}\u00a0\u00bb][vc_column][vc_cta h2=\u00a0\u00bbImportant \u00e0 savoir\u00a0\u00bb txt_align=\u00a0\u00bbcenter\u00a0\u00bb][\/vc_cta][vc_row_inner equal_height=\u00a0\u00bbyes\u00a0\u00bb][vc_column_inner]<div class=\"standard-arrow bullet-top\"><ul>\n<li>Dans l\u2019int\u00e9r\u00eat du bien-\u00eatre des animaux, nous vous demandons d\u2019\u00e9viter de manipuler le poisson de fa\u00e7on excessive.<\/li>\n<li>Les captures doivent s\u2019effectuer dans le calme afin de ne pas stresser les poissons davantage.<\/li>\n<li>Vous devez toujours d\u00e9sinfecter les plaies avec un d\u00e9sinfectant que nous mettrons \u00e0 votre disposition.<\/li>\n<li>Merci de les remettre \u00e0 l\u2019eau le plus rapidement possible, d\u2019effectuer la sortie de l\u2019eau \u00e0 l\u2019aide d\u2019une \u00e9puisette de bien les poser sur un tapis de r\u00e9ception humide et de ne pas les mettre en plein soleil.<\/li>\n<li>Toutes les s\u00e9ances photos doivent s\u2019effectuer \u00e0 genoux.<\/li>\n<li>Nous vous demandons \u00e9galement de nous envoyer une photo de vos prises soit par sms ou bien par mail.<\/li>\n<li>Ne pas oublier que ces magnifiques troph\u00e9es restent des \u00eatres vivants, merci de les respecter.<\/li>\n<\/ul>\n<\/div><div class=\"ult-ih-container ult-adjust-bottom-margin  \" >\t<ul class=\"ult-ih-list \"  data-shape=\"circle\"  data-width=\"250\"  data-height=\"250\"  style=\"text-align:center; \"><li id=\"ult-ih-list-item-2877\" class=\"ult-ih-list-item\" style=\"height: 250px; width: 250px;  margin: 15px\"><div style=\"height: 250px; width: 250px; \" class=\"ult-ih-item ult-ih-effect1    ult-ih-top_to_bottom \"><div class=\"ult-ih-image-block\" style=\"height: 250px; width: 250px; \">\t<div class=\"ult-ih-wrapper\" style=\"border-style: solid; border-color: rgba(255,255,255,0.2); border-width: 20px;\"><\/div>\t<img decoding=\"async\" class=\"ult-ih-image\" src=\"\" alt=\"\"><\/div><div class=\"ult-ih-info\" >\t<div class=\"ult-ih-info-back\" style=\"background-color: rgba(0,0,0,0.75); \">\t<div class=\"ult-ih-content\">\t\t\t<div class=\"ult-ih-heading-block\" style=\"\">\t\t\t\t<h3 class=\"ult-ih-heading ult-responsive\" style=\"color:#ffffff;\"  data-ultimate-target='#ult-ih-list-item-2877 .ult-ih-heading'  data-responsive-json-new='{\"font-size\":\"desktop:22px;\",\"line-height\":\"desktop:28px;\"}' ><\/h3>\t\t\t<\/div>\t\t\t<div class=\"ult-ih-divider-block\" style=\"height:1px;\">\t\t\t\t<span class=\"ult-ih-line\" style=\"border-style:solid;border-color:rgba(255,255,255,0.75);width:100px;border-width:1px;\"><\/span>\t\t\t<\/div>\t\t\t<div class=\"ult-ih-description-block\" style=\"\">\t\t\t\t<div class=\"ult-ih-description ult-responsive\" style=\"color:#bbbbbb;\"  data-ultimate-target='#ult-ih-list-item-2877 .ult-ih-description, #ult-ih-list-item-2877 .ult-ih-description p'  data-responsive-json-new='{\"font-size\":\"desktop:12px;\",\"line-height\":\"desktop:18px;\"}' ><p>Nous comptons sur vous amis p\u00eacheurs pour bien prendre en consid\u00e9ration toutes ces consignes et de les respecter\u00a0!<\/p>\n\t\t\t\t<\/div>\t\t\t<\/div>\t<\/div>\t<\/div><\/div><\/div><\/li>\t<\/ul><\/div>[\/vc_column_inner][\/vc_row_inner][vc_row_inner][vc_column_inner width=\u00a0\u00bb1\/6&Prime;]<style type=\"text\/css\" data-type=\"the7_shortcodes-inline-css\">.shortcode-single-image-wrap.shortcode-single-image-6984243a87a11ab40fea52ee13c735d5.enable-bg-rollover .rollover i,\n.shortcode-single-image-wrap.shortcode-single-image-6984243a87a11ab40fea52ee13c735d5.enable-bg-rollover .rollover-video i {\n  background: -webkit-linear-gradient();\n  background: linear-gradient();\n}\n.shortcode-single-image-wrap.shortcode-single-image-6984243a87a11ab40fea52ee13c735d5 .rollover-icon {\n  font-size: 32px;\n  color: #ffffff;\n  min-width: 44px;\n  min-height: 44px;\n  line-height: 44px;\n  border-radius: 100px;\n  border-style: solid;\n  border-width: 0px;\n}\n.dt-icon-bg-on.shortcode-single-image-wrap.shortcode-single-image-6984243a87a11ab40fea52ee13c735d5 .rollover-icon {\n  background: rgba(255,255,255,0.3);\n  box-shadow: none;\n}\n<\/style><div class=\"shortcode-single-image-wrap shortcode-single-image-6984243a87a11ab40fea52ee13c735d5 alignnone  enable-bg-rollover dt-icon-bg-off\" style=\"margin-top:0px; margin-bottom:0px; margin-left:0px; margin-right:0px; width:500px;\"><div class=\"shortcode-single-image\"><div class=\"fancy-media-wrap  layzr-bg\" style=\"\"><img loading=\"lazy\" decoding=\"async\" class=\"preload-me lazy-load\" src=\"data:image\/svg+xml,%3Csvg%20xmlns%3D&#39;http%3A%2F%2Fwww.w3.org%2F2000%2Fsvg&#39;%20viewBox%3D&#39;0%200%20180%2086&#39;%2F%3E\" data-src=\"https:\/\/vetam-carp-fishing.fr\/wp-content\/uploads\/2023\/01\/extreme-mini-MARRON-2.png\" data-srcset=\"https:\/\/vetam-carp-fishing.fr\/wp-content\/uploads\/2023\/01\/extreme-mini-MARRON-2.png 180w\" width=\"180\" height=\"86\"  data-dt-location=\"https:\/\/vetam-carp-fishing.fr\/?attachment_id=2116\" style=\"\" alt=\"\" \/><\/div><\/div><\/div>[\/vc_column_inner][vc_column_inner width=\u00a0\u00bb4\/6&Prime;][vc_column_text]<\/p>\n<h3 style=\"text-align: center;\"><strong>Nous vous souhaitons un bon s\u00e9jour au lac des Zentelles, <\/strong><\/h3>\n<h3 style=\"text-align: center;\"><strong>et surtout une magnifique p\u00eache\u00a0!<\/strong><\/h3>\n<p>[\/vc_column_text][vc_column_text]<\/p>\n<p style=\"text-align: right;\"><strong>L\u2019\u00e9quipe de V.E.T.A.M CARP FISHING.<\/strong><\/p>\n<p>[\/vc_column_text][\/vc_column_inner][vc_column_inner width=\u00a0\u00bb1\/6&Prime;]<style type=\"text\/css\" data-type=\"the7_shortcodes-inline-css\">.shortcode-single-image-wrap.shortcode-single-image-6984243a87a11ab40fea52ee13c735d5.enable-bg-rollover .rollover i,\n.shortcode-single-image-wrap.shortcode-single-image-6984243a87a11ab40fea52ee13c735d5.enable-bg-rollover .rollover-video i {\n  background: -webkit-linear-gradient();\n  background: linear-gradient();\n}\n.shortcode-single-image-wrap.shortcode-single-image-6984243a87a11ab40fea52ee13c735d5 .rollover-icon {\n  font-size: 32px;\n  color: #ffffff;\n  min-width: 44px;\n  min-height: 44px;\n  line-height: 44px;\n  border-radius: 100px;\n  border-style: solid;\n  border-width: 0px;\n}\n.dt-icon-bg-on.shortcode-single-image-wrap.shortcode-single-image-6984243a87a11ab40fea52ee13c735d5 .rollover-icon {\n  background: rgba(255,255,255,0.3);\n  box-shadow: none;\n}\n<\/style><div class=\"shortcode-single-image-wrap shortcode-single-image-6984243a87a11ab40fea52ee13c735d5 alignnone  enable-bg-rollover dt-icon-bg-off\" style=\"margin-top:0px; margin-bottom:0px; margin-left:0px; margin-right:0px; width:500px;\"><div class=\"shortcode-single-image\"><div class=\"fancy-media-wrap  layzr-bg\" style=\"\"><img loading=\"lazy\" decoding=\"async\" class=\"preload-me lazy-load\" src=\"data:image\/svg+xml,%3Csvg%20xmlns%3D&#39;http%3A%2F%2Fwww.w3.org%2F2000%2Fsvg&#39;%20viewBox%3D&#39;0%200%20180%2086&#39;%2F%3E\" data-src=\"https:\/\/vetam-carp-fishing.fr\/wp-content\/uploads\/2023\/01\/extreme-mini-MARRON-2.png\" data-srcset=\"https:\/\/vetam-carp-fishing.fr\/wp-content\/uploads\/2023\/01\/extreme-mini-MARRON-2.png 180w\" width=\"180\" height=\"86\"  data-dt-location=\"https:\/\/vetam-carp-fishing.fr\/?attachment_id=2116\" style=\"\" alt=\"\" \/><\/div><\/div><\/div>[\/vc_column_inner][\/vc_row_inner][\/vc_column][\/vc_row]<\/p>\n<\/section>","protected":false},"excerpt":{"rendered":"<p>[vc_row css=\u00a0\u00bb.vc_custom_1560793098479{padding-bottom: 50px !important;}\u00a0\u00bb][vc_column][\/vc_column][\/vc_row][vc_row bg_type=\u00a0\u00bbimage\u00a0\u00bb parallax_style=\u00a0\u00bbvcpb-vz-jquery\u00a0\u00bb bg_image_new=\u00a0\u00bbid^2149|url^https:\/\/bigband-dev.fr\/wp-content\/uploads\/2023\/01\/IMG_8877-1.png|caption^null|alt^null|title^IMG_8877|description^null\u00a0\u00bb bg_override=\u00a0\u00bbex-full\u00a0\u00bb fadeout_row=\u00a0\u00bbfadeout_row_value\u00a0\u00bb fadeout_start_effect=\u00a0\u00bb30&Prime; enable_overlay=\u00a0\u00bbenable_overlay_value\u00a0\u00bb overlay_color=\u00a0\u00bbrgba(38,45,55,0.5)\u00a0\u00bb seperator_enable=\u00a0\u00bbseperator_enable_value\u00a0\u00bb seperator_type=\u00a0\u00bbtilt_left_seperator\u00a0\u00bb seperator_position=\u00a0\u00bbtop_bottom_seperator\u00a0\u00bb seperator_svg_height=\u00a0\u00bb100&Prime;][vc_column css=\u00a0\u00bb.vc_custom_1560418610056{padding-top: 150px !important;padding-bottom: 150px !important;}\u00a0\u00bb offset=\u00a0\u00bbvc_col-lg-offset-2 vc_col-lg-8&Prime;][\/vc_column][\/vc_row][vc_row css=\u00a0\u00bb.vc_custom_1560794159870{padding-top: 50px !important;}\u00a0\u00bb][vc_column][vc_row_inner][vc_column_inner width=\u00a0\u00bb1\/3&Prime;][vc_column_text]La circulation des v\u00e9hicules se fait \u00e0 10 km\/h maximum autour de l\u2019\u00e9tang.[\/vc_column_text][vc_column_text]Les clefs du portail ne doivent jamais quitter le site sauf avec notre autorisation. Pour les achats&hellip;<\/p>\n","protected":false},"author":1,"featured_media":0,"parent":0,"menu_order":65,"comment_status":"closed","ping_status":"closed","template":"","meta":{"footnotes":""},"class_list":["post-303","page","type-page","status-publish","hentry","description-off"],"_links":{"self":[{"href":"https:\/\/vetam-carp-fishing.fr\/index.php?rest_route=\/wp\/v2\/pages\/303","targetHints":{"allow":["GET"]}}],"collection":[{"href":"https:\/\/vetam-carp-fishing.fr\/index.php?rest_route=\/wp\/v2\/pages"}],"about":[{"href":"https:\/\/vetam-carp-fishing.fr\/index.php?rest_route=\/wp\/v2\/types\/page"}],"author":[{"embeddable":true,"href":"https:\/\/vetam-carp-fishing.fr\/index.php?rest_route=\/wp\/v2\/users\/1"}],"replies":[{"embeddable":true,"href":"https:\/\/vetam-carp-fishing.fr\/index.php?rest_route=%2Fwp%2Fv2%2Fcomments&post=303"}],"version-history":[{"count":17,"href":"https:\/\/vetam-carp-fishing.fr\/index.php?rest_route=\/wp\/v2\/pages\/303\/revisions"}],"predecessor-version":[{"id":2500,"href":"https:\/\/vetam-carp-fishing.fr\/index.php?rest_route=\/wp\/v2\/pages\/303\/revisions\/2500"}],"wp:attachment":[{"href":"https:\/\/vetam-carp-fishing.fr\/index.php?rest_route=%2Fwp%2Fv2%2Fmedia&parent=303"}],"curies":[{"name":"wp","href":"https:\/\/api.w.org\/{rel}","templated":true}]}}